{"id":925,"date":"2024-04-01T02:17:37","date_gmt":"2024-04-01T09:17:37","guid":{"rendered":"http:\/\/frc.local\/?page_id=925"},"modified":"2024-04-01T02:17:37","modified_gmt":"2024-04-01T09:17:37","slug":"legislators","status":"publish","type":"page","link":"https:\/\/floridareportcard.com\/ht\/legislators\/","title":{"rendered":"Lejislat\u00e8 Florid yo"},"content":{"rendered":"<p>Gade kijan lid\u00e8 eli ou yo nan eta Florid la ap veye sou ou.<\/p>","protected":false},"excerpt":{"rendered":"Gade kijan lid\u00e8 eli ou yo nan eta Florid la ap veye sou ou.","protected":false},"author":1,"featured_media":0,"parent":0,"menu_order":0,"comment_status":"closed","ping_status":"closed","template":"","meta":{"_acf_changed":false,"footnotes":""},"class_list":["post-925","page","type-page","status-publish","hentry"],"acf":[],"yoast_head":"<!-- This site is optimized with the Yoast SEO plugin v25.6 - https:\/\/yoast.com\/wordpress\/plugins\/seo\/ -->\n<title>Florida&#039;s Legislators | People First Report Card<\/title>\n<meta name=\"description\" content=\"See how your elected leaders in the state of Florida are looking out for you.\" \/>\n<meta name=\"robots\" content=\"noindex, follow\" \/>\n<meta property=\"og:locale\" content=\"ht_HT\" \/>\n<meta property=\"og:type\" content=\"article\" \/>\n<meta property=\"og:title\" content=\"Florida&#039;s Legislators | People First Report Card\" \/>\n<meta property=\"og:description\" content=\"See how your elected leaders in the state of Florida are looking out for you.\" \/>\n<meta property=\"og:url\" content=\"https:\/\/floridareportcard.com\/ht\/legislators\/\" \/>\n<meta property=\"og:site_name\" content=\"People First Report Card\" \/>\n<meta property=\"article:publisher\" content=\"https:\/\/facebook.com\/progressflorida\" \/>\n<meta property=\"og:image\" content=\"https:\/\/floridareportcard.com\/wp-content\/uploads\/meta.jpg\" \/>\n\t<meta property=\"og:image:width\" content=\"1200\" \/>\n\t<meta property=\"og:image:height\" content=\"630\" \/>\n\t<meta property=\"og:image:type\" content=\"image\/jpeg\" \/>\n<meta name=\"twitter:card\" content=\"summary_large_image\" \/>\n<meta name=\"twitter:site\" content=\"@progressflorida\" \/>\n<script type=\"application\/ld+json\" class=\"yoast-schema-graph\">{\"@context\":\"https:\/\/schema.org\",\"@graph\":[{\"@type\":\"WebPage\",\"@id\":\"https:\/\/floridareportcard.com\/legislators\/\",\"url\":\"https:\/\/floridareportcard.com\/legislators\/\",\"name\":\"Florida's Legislators | People First Report Card\",\"isPartOf\":{\"@id\":\"https:\/\/floridareportcard.com\/#website\"},\"datePublished\":\"2024-04-01T09:17:37+00:00\",\"description\":\"See how your elected leaders in the state of Florida are looking out for you.\",\"breadcrumb\":{\"@id\":\"https:\/\/floridareportcard.com\/legislators\/#breadcrumb\"},\"inLanguage\":\"ht\",\"potentialAction\":[{\"@type\":\"ReadAction\",\"target\":[\"https:\/\/floridareportcard.com\/legislators\/\"]}]},{\"@type\":\"BreadcrumbList\",\"@id\":\"https:\/\/floridareportcard.com\/legislators\/#breadcrumb\",\"itemListElement\":[{\"@type\":\"ListItem\",\"position\":1,\"name\":\"Home\",\"item\":\"https:\/\/floridareportcard.com\/\"},{\"@type\":\"ListItem\",\"position\":2,\"name\":\"Florida&#8217;s Legislators\"}]},{\"@type\":\"WebSite\",\"@id\":\"https:\/\/floridareportcard.com\/#website\",\"url\":\"https:\/\/floridareportcard.com\/\",\"name\":\"People First Report Card\",\"description\":\"Did your Florida state legislators vote to put people first... or powerful special interests? Find out with the People First Report Card.\",\"publisher\":{\"@id\":\"https:\/\/floridareportcard.com\/#organization\"},\"alternateName\":\"People First Report Card\",\"potentialAction\":[{\"@type\":\"SearchAction\",\"target\":{\"@type\":\"EntryPoint\",\"urlTemplate\":\"https:\/\/floridareportcard.com\/?s={search_term_string}\"},\"query-input\":{\"@type\":\"PropertyValueSpecification\",\"valueRequired\":true,\"valueName\":\"search_term_string\"}}],\"inLanguage\":\"ht\"},{\"@type\":\"Organization\",\"@id\":\"https:\/\/floridareportcard.com\/#organization\",\"name\":\"Progress Florida and Florida Watch\",\"alternateName\":\"Progress Florida and Florida Watch\",\"url\":\"https:\/\/floridareportcard.com\/\",\"logo\":{\"@type\":\"ImageObject\",\"inLanguage\":\"ht\",\"@id\":\"https:\/\/floridareportcard.com\/#\/schema\/logo\/image\/\",\"url\":\"https:\/\/floridareportcard.com\/wp-content\/uploads\/favicon.png\",\"contentUrl\":\"https:\/\/floridareportcard.com\/wp-content\/uploads\/favicon.png\",\"width\":264,\"height\":265,\"caption\":\"Progress Florida and Florida Watch\"},\"image\":{\"@id\":\"https:\/\/floridareportcard.com\/#\/schema\/logo\/image\/\"},\"sameAs\":[\"https:\/\/facebook.com\/progressflorida\",\"https:\/\/x.com\/progressflorida\",\"https:\/\/youtube.com\/progressflorida\",\"https:\/\/instagram.com\/progressflorida\/\",\"https:\/\/facebook.com\/wearefloridawatch\",\"https:\/\/twitter.com\/floridawatch\",\"https:\/\/instagram.com\/floridawatch\",\"https:\/\/youtube.com\/channel\/UCoVF0oEKeUm5-NhEnLFSkJQ\",\"https:\/\/tiktok.com\/@floridawatch\"]}]}<\/script>\n<!-- \/ Yoast SEO plugin. -->","yoast_head_json":{"title":"Lejislat\u00e8 Florid yo | Kat Rap\u00f2 Moun An Premye","description":"Gade kijan lid\u00e8 eli ou yo nan eta Florid la ap veye sou ou.","robots":{"index":"noindex","follow":"follow"},"og_locale":"ht_HT","og_type":"article","og_title":"Florida's Legislators | People First Report Card","og_description":"See how your elected leaders in the state of Florida are looking out for you.","og_url":"https:\/\/floridareportcard.com\/ht\/legislators\/","og_site_name":"People First Report Card","article_publisher":"https:\/\/facebook.com\/progressflorida","og_image":[{"width":1200,"height":630,"url":"https:\/\/floridareportcard.com\/wp-content\/uploads\/meta.jpg","type":"image\/jpeg"}],"twitter_card":"summary_large_image","twitter_site":"@progressflorida","schema":{"@context":"https:\/\/schema.org","@graph":[{"@type":"WebPage","@id":"https:\/\/floridareportcard.com\/legislators\/","url":"https:\/\/floridareportcard.com\/legislators\/","name":"Lejislat\u00e8 Florid yo | Kat Rap\u00f2 Moun An Premye","isPartOf":{"@id":"https:\/\/floridareportcard.com\/#website"},"datePublished":"2024-04-01T09:17:37+00:00","description":"Gade kijan lid\u00e8 eli ou yo nan eta Florid la ap veye sou ou.","breadcrumb":{"@id":"https:\/\/floridareportcard.com\/legislators\/#breadcrumb"},"inLanguage":"ht","potentialAction":[{"@type":"ReadAction","target":["https:\/\/floridareportcard.com\/legislators\/"]}]},{"@type":"BreadcrumbList","@id":"https:\/\/floridareportcard.com\/legislators\/#breadcrumb","itemListElement":[{"@type":"ListItem","position":1,"name":"Home","item":"https:\/\/floridareportcard.com\/"},{"@type":"ListItem","position":2,"name":"Florida&#8217;s Legislators"}]},{"@type":"WebSite","@id":"https:\/\/floridareportcard.com\/#website","url":"https:\/\/floridareportcard.com\/","name":"Kat Rap\u00f2 Moun An Premye","description":"\u00c8ske lejislat\u00e8 eta Florid ou a te vote pou mete moun an premye... oubyen enter\u00e8 espesyal ki gen anpil pouvwa? Ch\u00e8che konnen ak Bilten Rap\u00f2 Moun An Premye a.","publisher":{"@id":"https:\/\/floridareportcard.com\/#organization"},"alternateName":"People First Report Card","potentialAction":[{"@type":"SearchAction","target":{"@type":"EntryPoint","urlTemplate":"https:\/\/floridareportcard.com\/?s={search_term_string}"},"query-input":{"@type":"PropertyValueSpecification","valueRequired":true,"valueName":"search_term_string"}}],"inLanguage":"ht"},{"@type":"Organization","@id":"https:\/\/floridareportcard.com\/#organization","name":"Pwogr\u00e8 Florid ak Siveyans Florid","alternateName":"Progress Florida and Florida Watch","url":"https:\/\/floridareportcard.com\/","logo":{"@type":"ImageObject","inLanguage":"ht","@id":"https:\/\/floridareportcard.com\/#\/schema\/logo\/image\/","url":"https:\/\/floridareportcard.com\/wp-content\/uploads\/favicon.png","contentUrl":"https:\/\/floridareportcard.com\/wp-content\/uploads\/favicon.png","width":264,"height":265,"caption":"Progress Florida and Florida Watch"},"image":{"@id":"https:\/\/floridareportcard.com\/#\/schema\/logo\/image\/"},"sameAs":["https:\/\/facebook.com\/progressflorida","https:\/\/x.com\/progressflorida","https:\/\/youtube.com\/progressflorida","https:\/\/instagram.com\/progressflorida\/","https:\/\/facebook.com\/wearefloridawatch","https:\/\/twitter.com\/floridawatch","https:\/\/instagram.com\/floridawatch","https:\/\/youtube.com\/channel\/UCoVF0oEKeUm5-NhEnLFSkJQ","https:\/\/tiktok.com\/@floridawatch"]}]}},"_links":{"self":[{"href":"https:\/\/floridareportcard.com\/ht\/wp-json\/wp\/v2\/pages\/925","targetHints":{"allow":["GET"]}}],"collection":[{"href":"https:\/\/floridareportcard.com\/ht\/wp-json\/wp\/v2\/pages"}],"about":[{"href":"https:\/\/floridareportcard.com\/ht\/wp-json\/wp\/v2\/types\/page"}],"author":[{"embeddable":true,"href":"https:\/\/floridareportcard.com\/ht\/wp-json\/wp\/v2\/users\/1"}],"replies":[{"embeddable":true,"href":"https:\/\/floridareportcard.com\/ht\/wp-json\/wp\/v2\/comments?post=925"}],"version-history":[{"count":0,"href":"https:\/\/floridareportcard.com\/ht\/wp-json\/wp\/v2\/pages\/925\/revisions"}],"wp:attachment":[{"href":"https:\/\/floridareportcard.com\/ht\/wp-json\/wp\/v2\/media?parent=925"}],"curies":[{"name":"wp","href":"https:\/\/api.w.org\/{rel}","templated":true}]}}