{"id":19,"date":"2023-07-03T20:34:28","date_gmt":"2023-07-04T00:34:28","guid":{"rendered":"http:\/\/726.local\/?page_id=19"},"modified":"2025-08-01T13:15:23","modified_gmt":"2025-08-01T17:15:23","slug":"en","status":"publish","type":"page","link":"https:\/\/floridareportcard.com\/ht\/","title":{"rendered":"Ak\u00e8y (EN)"},"content":{"rendered":"","protected":false},"excerpt":{"rendered":"","protected":false},"author":1,"featured_media":0,"parent":0,"menu_order":0,"comment_status":"closed","ping_status":"closed","template":"page-home.php","meta":{"_acf_changed":false,"footnotes":""},"class_list":["post-19","page","type-page","status-publish","hentry"],"acf":[],"yoast_head":"<!-- This site is optimized with the Yoast SEO plugin v25.6 - https:\/\/yoast.com\/wordpress\/plugins\/seo\/ -->\n<title>Florida Report Card 2025: See Which Lawmakers Put People First<\/title>\n<meta name=\"description\" content=\"The 2025 Florida Report Card reveals how state lawmakers voted on key issues like housing, healthcare, education, and the environment. See who puts people first\u2014and who sides with special interests.\" \/>\n<meta name=\"robots\" content=\"noindex, follow\" \/>\n<meta property=\"og:locale\" content=\"ht_HT\" \/>\n<meta property=\"og:type\" content=\"article\" \/>\n<meta property=\"og:title\" content=\"2025 Florida Legislator Report Cards \u2013 Who\u2019s Putting People First?\" \/>\n<meta property=\"og:description\" content=\"Find out how your lawmakers voted on critical issues like education, healthcare, housing, and more. Use the 2025 Florida Report Card to see if your legislator puts people first or powerful special interests.\" \/>\n<meta property=\"og:url\" content=\"https:\/\/floridareportcard.com\/ht\/\" \/>\n<meta property=\"og:site_name\" content=\"People First Report Card\" \/>\n<meta property=\"article:publisher\" content=\"https:\/\/facebook.com\/progressflorida\" \/>\n<meta property=\"article:modified_time\" content=\"2025-08-01T17:15:23+00:00\" \/>\n<meta property=\"og:image\" content=\"https:\/\/floridareportcard.com\/wp-content\/uploads\/meta.jpg\" \/>\n\t<meta property=\"og:image:width\" content=\"1200\" \/>\n\t<meta property=\"og:image:height\" content=\"630\" \/>\n\t<meta property=\"og:image:type\" content=\"image\/jpeg\" \/>\n<meta name=\"twitter:card\" content=\"summary_large_image\" \/>\n<meta name=\"twitter:title\" content=\"Florida Lawmakers Graded: 2025 People First Report Card\" \/>\n<meta name=\"twitter:description\" content=\"Grading Florida legislators on housing, education, healthcare, and more. Who\u2019s fighting for you? Who\u2019s not?\" \/>\n<meta name=\"twitter:image\" content=\"https:\/\/floridareportcard.com\/wp-content\/uploads\/meta.jpg\" \/>\n<meta name=\"twitter:site\" content=\"@progressflorida\" \/>\n<script type=\"application\/ld+json\" class=\"yoast-schema-graph\">{\"@context\":\"https:\/\/schema.org\",\"@graph\":[{\"@type\":\"WebPage\",\"@id\":\"https:\/\/floridareportcard.com\/\",\"url\":\"https:\/\/floridareportcard.com\/\",\"name\":\"Florida Report Card 2025: See Which Lawmakers Put People First\",\"isPartOf\":{\"@id\":\"https:\/\/floridareportcard.com\/#website\"},\"datePublished\":\"2023-07-04T00:34:28+00:00\",\"dateModified\":\"2025-08-01T17:15:23+00:00\",\"description\":\"The 2025 Florida Report Card reveals how state lawmakers voted on key issues like housing, healthcare, education, and the environment. See who puts people first\u2014and who sides with special interests.\",\"breadcrumb\":{\"@id\":\"https:\/\/floridareportcard.com\/#breadcrumb\"},\"inLanguage\":\"ht\",\"potentialAction\":[{\"@type\":\"ReadAction\",\"target\":[\"https:\/\/floridareportcard.com\/\"]}]},{\"@type\":\"BreadcrumbList\",\"@id\":\"https:\/\/floridareportcard.com\/#breadcrumb\",\"itemListElement\":[{\"@type\":\"ListItem\",\"position\":1,\"name\":\"Home\",\"item\":\"https:\/\/floridareportcard.com\/\"},{\"@type\":\"ListItem\",\"position\":2,\"name\":\"Home (EN)\"}]},{\"@type\":\"WebSite\",\"@id\":\"https:\/\/floridareportcard.com\/#website\",\"url\":\"https:\/\/floridareportcard.com\/\",\"name\":\"People First Report Card\",\"description\":\"Did your Florida state legislators vote to put people first... or powerful special interests? Find out with the People First Report Card.\",\"publisher\":{\"@id\":\"https:\/\/floridareportcard.com\/#organization\"},\"alternateName\":\"People First Report Card\",\"potentialAction\":[{\"@type\":\"SearchAction\",\"target\":{\"@type\":\"EntryPoint\",\"urlTemplate\":\"https:\/\/floridareportcard.com\/?s={search_term_string}\"},\"query-input\":{\"@type\":\"PropertyValueSpecification\",\"valueRequired\":true,\"valueName\":\"search_term_string\"}}],\"inLanguage\":\"ht\"},{\"@type\":\"Organization\",\"@id\":\"https:\/\/floridareportcard.com\/#organization\",\"name\":\"Progress Florida and Florida Watch\",\"alternateName\":\"Progress Florida and Florida Watch\",\"url\":\"https:\/\/floridareportcard.com\/\",\"logo\":{\"@type\":\"ImageObject\",\"inLanguage\":\"ht\",\"@id\":\"https:\/\/floridareportcard.com\/#\/schema\/logo\/image\/\",\"url\":\"https:\/\/floridareportcard.com\/wp-content\/uploads\/favicon.png\",\"contentUrl\":\"https:\/\/floridareportcard.com\/wp-content\/uploads\/favicon.png\",\"width\":264,\"height\":265,\"caption\":\"Progress Florida and Florida Watch\"},\"image\":{\"@id\":\"https:\/\/floridareportcard.com\/#\/schema\/logo\/image\/\"},\"sameAs\":[\"https:\/\/facebook.com\/progressflorida\",\"https:\/\/x.com\/progressflorida\",\"https:\/\/youtube.com\/progressflorida\",\"https:\/\/instagram.com\/progressflorida\/\",\"https:\/\/facebook.com\/wearefloridawatch\",\"https:\/\/twitter.com\/floridawatch\",\"https:\/\/instagram.com\/floridawatch\",\"https:\/\/youtube.com\/channel\/UCoVF0oEKeUm5-NhEnLFSkJQ\",\"https:\/\/tiktok.com\/@floridawatch\"]}]}<\/script>\n<!-- \/ Yoast SEO plugin. -->","yoast_head_json":{"title":"Rap\u00f2 Florid 2025: Gade ki lejislat\u00e8 ki bay moun priyorite","description":"Bilten Rap\u00f2 Florid 2025 la revele kijan lejislat\u00e8 eta yo te vote sou pwobl\u00e8m enp\u00f2tan tankou lojman, swen sante, edikasyon ak anviw\u00f2nman. Gade kiy\u00e8s ki mete moun an premye\u2014epi kiy\u00e8s ki pran pati enter\u00e8 espesyal yo.","robots":{"index":"noindex","follow":"follow"},"og_locale":"ht_HT","og_type":"article","og_title":"2025 Florida Legislator Report Cards \u2013 Who\u2019s Putting People First?","og_description":"Find out how your lawmakers voted on critical issues like education, healthcare, housing, and more. Use the 2025 Florida Report Card to see if your legislator puts people first or powerful special interests.","og_url":"https:\/\/floridareportcard.com\/ht\/","og_site_name":"People First Report Card","article_publisher":"https:\/\/facebook.com\/progressflorida","article_modified_time":"2025-08-01T17:15:23+00:00","og_image":[{"width":1200,"height":630,"url":"https:\/\/floridareportcard.com\/wp-content\/uploads\/meta.jpg","type":"image\/jpeg"}],"twitter_card":"summary_large_image","twitter_title":"Florida Lawmakers Graded: 2025 People First Report Card","twitter_description":"Grading Florida legislators on housing, education, healthcare, and more. Who\u2019s fighting for you? Who\u2019s not?","twitter_image":"https:\/\/floridareportcard.com\/wp-content\/uploads\/meta.jpg","twitter_site":"@progressflorida","schema":{"@context":"https:\/\/schema.org","@graph":[{"@type":"WebPage","@id":"https:\/\/floridareportcard.com\/","url":"https:\/\/floridareportcard.com\/","name":"Rap\u00f2 Florid 2025: Gade ki lejislat\u00e8 ki bay moun priyorite","isPartOf":{"@id":"https:\/\/floridareportcard.com\/#website"},"datePublished":"2023-07-04T00:34:28+00:00","dateModified":"2025-08-01T17:15:23+00:00","description":"Bilten Rap\u00f2 Florid 2025 la revele kijan lejislat\u00e8 eta yo te vote sou pwobl\u00e8m enp\u00f2tan tankou lojman, swen sante, edikasyon ak anviw\u00f2nman. Gade kiy\u00e8s ki mete moun an premye\u2014epi kiy\u00e8s ki pran pati enter\u00e8 espesyal yo.","breadcrumb":{"@id":"https:\/\/floridareportcard.com\/#breadcrumb"},"inLanguage":"ht","potentialAction":[{"@type":"ReadAction","target":["https:\/\/floridareportcard.com\/"]}]},{"@type":"BreadcrumbList","@id":"https:\/\/floridareportcard.com\/#breadcrumb","itemListElement":[{"@type":"ListItem","position":1,"name":"Home","item":"https:\/\/floridareportcard.com\/"},{"@type":"ListItem","position":2,"name":"Home (EN)"}]},{"@type":"WebSite","@id":"https:\/\/floridareportcard.com\/#website","url":"https:\/\/floridareportcard.com\/","name":"Kat Rap\u00f2 Moun An Premye","description":"\u00c8ske lejislat\u00e8 eta Florid ou a te vote pou mete moun an premye... oubyen enter\u00e8 espesyal ki gen anpil pouvwa? Ch\u00e8che konnen ak Bilten Rap\u00f2 Moun An Premye a.","publisher":{"@id":"https:\/\/floridareportcard.com\/#organization"},"alternateName":"People First Report Card","potentialAction":[{"@type":"SearchAction","target":{"@type":"EntryPoint","urlTemplate":"https:\/\/floridareportcard.com\/?s={search_term_string}"},"query-input":{"@type":"PropertyValueSpecification","valueRequired":true,"valueName":"search_term_string"}}],"inLanguage":"ht"},{"@type":"Organization","@id":"https:\/\/floridareportcard.com\/#organization","name":"Pwogr\u00e8 Florid ak Siveyans Florid","alternateName":"Progress Florida and Florida Watch","url":"https:\/\/floridareportcard.com\/","logo":{"@type":"ImageObject","inLanguage":"ht","@id":"https:\/\/floridareportcard.com\/#\/schema\/logo\/image\/","url":"https:\/\/floridareportcard.com\/wp-content\/uploads\/favicon.png","contentUrl":"https:\/\/floridareportcard.com\/wp-content\/uploads\/favicon.png","width":264,"height":265,"caption":"Progress Florida and Florida Watch"},"image":{"@id":"https:\/\/floridareportcard.com\/#\/schema\/logo\/image\/"},"sameAs":["https:\/\/facebook.com\/progressflorida","https:\/\/x.com\/progressflorida","https:\/\/youtube.com\/progressflorida","https:\/\/instagram.com\/progressflorida\/","https:\/\/facebook.com\/wearefloridawatch","https:\/\/twitter.com\/floridawatch","https:\/\/instagram.com\/floridawatch","https:\/\/youtube.com\/channel\/UCoVF0oEKeUm5-NhEnLFSkJQ","https:\/\/tiktok.com\/@floridawatch"]}]}},"_links":{"self":[{"href":"https:\/\/floridareportcard.com\/ht\/wp-json\/wp\/v2\/pages\/19","targetHints":{"allow":["GET"]}}],"collection":[{"href":"https:\/\/floridareportcard.com\/ht\/wp-json\/wp\/v2\/pages"}],"about":[{"href":"https:\/\/floridareportcard.com\/ht\/wp-json\/wp\/v2\/types\/page"}],"author":[{"embeddable":true,"href":"https:\/\/floridareportcard.com\/ht\/wp-json\/wp\/v2\/users\/1"}],"replies":[{"embeddable":true,"href":"https:\/\/floridareportcard.com\/ht\/wp-json\/wp\/v2\/comments?post=19"}],"version-history":[{"count":0,"href":"https:\/\/floridareportcard.com\/ht\/wp-json\/wp\/v2\/pages\/19\/revisions"}],"wp:attachment":[{"href":"https:\/\/floridareportcard.com\/ht\/wp-json\/wp\/v2\/media?parent=19"}],"curies":[{"name":"wp","href":"https:\/\/api.w.org\/{rel}","templated":true}]}}