{"id":19,"date":"2023-07-03T20:34:28","date_gmt":"2023-07-04T00:34:28","guid":{"rendered":"http:\/\/726.local\/?page_id=19"},"modified":"2025-08-01T13:15:23","modified_gmt":"2025-08-01T17:15:23","slug":"en","status":"publish","type":"page","link":"https:\/\/floridareportcard.com\/es\/","title":{"rendered":"Inicio (ES)"},"content":{"rendered":"","protected":false},"excerpt":{"rendered":"","protected":false},"author":1,"featured_media":0,"parent":0,"menu_order":0,"comment_status":"closed","ping_status":"closed","template":"page-home.php","meta":{"_acf_changed":false,"footnotes":""},"class_list":["post-19","page","type-page","status-publish","hentry"],"acf":[],"yoast_head":"<!-- This site is optimized with the Yoast SEO plugin v25.6 - https:\/\/yoast.com\/wordpress\/plugins\/seo\/ -->\n<title>Florida Report Card 2025: See Which Lawmakers Put People First<\/title>\n<meta name=\"description\" content=\"The 2025 Florida Report Card reveals how state lawmakers voted on key issues like housing, healthcare, education, and the environment. See who puts people first\u2014and who sides with special interests.\" \/>\n<meta name=\"robots\" content=\"noindex, follow\" \/>\n<meta property=\"og:locale\" content=\"es_MX\" \/>\n<meta property=\"og:type\" content=\"article\" \/>\n<meta property=\"og:title\" content=\"2025 Florida Legislator Report Cards \u2013 Who\u2019s Putting People First?\" \/>\n<meta property=\"og:description\" content=\"Find out how your lawmakers voted on critical issues like education, healthcare, housing, and more. Use the 2025 Florida Report Card to see if your legislator puts people first or powerful special interests.\" \/>\n<meta property=\"og:url\" content=\"https:\/\/floridareportcard.com\/es\/\" \/>\n<meta property=\"og:site_name\" content=\"People First Report Card\" \/>\n<meta property=\"article:publisher\" content=\"https:\/\/facebook.com\/progressflorida\" \/>\n<meta property=\"article:modified_time\" content=\"2025-08-01T17:15:23+00:00\" \/>\n<meta property=\"og:image\" content=\"https:\/\/floridareportcard.com\/wp-content\/uploads\/meta.jpg\" \/>\n\t<meta property=\"og:image:width\" content=\"1200\" \/>\n\t<meta property=\"og:image:height\" content=\"630\" \/>\n\t<meta property=\"og:image:type\" content=\"image\/jpeg\" \/>\n<meta name=\"twitter:card\" content=\"summary_large_image\" \/>\n<meta name=\"twitter:title\" content=\"Florida Lawmakers Graded: 2025 People First Report Card\" \/>\n<meta name=\"twitter:description\" content=\"Grading Florida legislators on housing, education, healthcare, and more. Who\u2019s fighting for you? Who\u2019s not?\" \/>\n<meta name=\"twitter:image\" content=\"https:\/\/floridareportcard.com\/wp-content\/uploads\/meta.jpg\" \/>\n<meta name=\"twitter:site\" content=\"@progressflorida\" \/>\n<script type=\"application\/ld+json\" class=\"yoast-schema-graph\">{\"@context\":\"https:\/\/schema.org\",\"@graph\":[{\"@type\":\"WebPage\",\"@id\":\"https:\/\/floridareportcard.com\/\",\"url\":\"https:\/\/floridareportcard.com\/\",\"name\":\"Florida Report Card 2025: See Which Lawmakers Put People First\",\"isPartOf\":{\"@id\":\"https:\/\/floridareportcard.com\/#website\"},\"datePublished\":\"2023-07-04T00:34:28+00:00\",\"dateModified\":\"2025-08-01T17:15:23+00:00\",\"description\":\"The 2025 Florida Report Card reveals how state lawmakers voted on key issues like housing, healthcare, education, and the environment. See who puts people first\u2014and who sides with special interests.\",\"breadcrumb\":{\"@id\":\"https:\/\/floridareportcard.com\/#breadcrumb\"},\"inLanguage\":\"es\",\"potentialAction\":[{\"@type\":\"ReadAction\",\"target\":[\"https:\/\/floridareportcard.com\/\"]}]},{\"@type\":\"BreadcrumbList\",\"@id\":\"https:\/\/floridareportcard.com\/#breadcrumb\",\"itemListElement\":[{\"@type\":\"ListItem\",\"position\":1,\"name\":\"Home\",\"item\":\"https:\/\/floridareportcard.com\/\"},{\"@type\":\"ListItem\",\"position\":2,\"name\":\"Home (EN)\"}]},{\"@type\":\"WebSite\",\"@id\":\"https:\/\/floridareportcard.com\/#website\",\"url\":\"https:\/\/floridareportcard.com\/\",\"name\":\"People First Report Card\",\"description\":\"Did your Florida state legislators vote to put people first... or powerful special interests? Find out with the People First Report Card.\",\"publisher\":{\"@id\":\"https:\/\/floridareportcard.com\/#organization\"},\"alternateName\":\"People First Report Card\",\"potentialAction\":[{\"@type\":\"SearchAction\",\"target\":{\"@type\":\"EntryPoint\",\"urlTemplate\":\"https:\/\/floridareportcard.com\/?s={search_term_string}\"},\"query-input\":{\"@type\":\"PropertyValueSpecification\",\"valueRequired\":true,\"valueName\":\"search_term_string\"}}],\"inLanguage\":\"es\"},{\"@type\":\"Organization\",\"@id\":\"https:\/\/floridareportcard.com\/#organization\",\"name\":\"Progress Florida and Florida Watch\",\"alternateName\":\"Progress Florida and Florida Watch\",\"url\":\"https:\/\/floridareportcard.com\/\",\"logo\":{\"@type\":\"ImageObject\",\"inLanguage\":\"es\",\"@id\":\"https:\/\/floridareportcard.com\/#\/schema\/logo\/image\/\",\"url\":\"https:\/\/floridareportcard.com\/wp-content\/uploads\/favicon.png\",\"contentUrl\":\"https:\/\/floridareportcard.com\/wp-content\/uploads\/favicon.png\",\"width\":264,\"height\":265,\"caption\":\"Progress Florida and Florida Watch\"},\"image\":{\"@id\":\"https:\/\/floridareportcard.com\/#\/schema\/logo\/image\/\"},\"sameAs\":[\"https:\/\/facebook.com\/progressflorida\",\"https:\/\/x.com\/progressflorida\",\"https:\/\/youtube.com\/progressflorida\",\"https:\/\/instagram.com\/progressflorida\/\",\"https:\/\/facebook.com\/wearefloridawatch\",\"https:\/\/twitter.com\/floridawatch\",\"https:\/\/instagram.com\/floridawatch\",\"https:\/\/youtube.com\/channel\/UCoVF0oEKeUm5-NhEnLFSkJQ\",\"https:\/\/tiktok.com\/@floridawatch\"]}]}<\/script>\n<!-- \/ Yoast SEO plugin. -->","yoast_head_json":{"title":"Informe de calificaciones de Florida 2025: Vea qu\u00e9 legisladores priorizan a las personas","description":"El Informe de Calificaciones de Florida 2025 revela c\u00f3mo votaron los legisladores estatales en temas clave como vivienda, atenci\u00f3n m\u00e9dica, educaci\u00f3n y medio ambiente. Descubra qui\u00e9n prioriza a las personas y qui\u00e9n se alinea con grupos de presi\u00f3n.","robots":{"index":"noindex","follow":"follow"},"og_locale":"es_MX","og_type":"article","og_title":"2025 Florida Legislator Report Cards \u2013 Who\u2019s Putting People First?","og_description":"Find out how your lawmakers voted on critical issues like education, healthcare, housing, and more. Use the 2025 Florida Report Card to see if your legislator puts people first or powerful special interests.","og_url":"https:\/\/floridareportcard.com\/es\/","og_site_name":"People First Report Card","article_publisher":"https:\/\/facebook.com\/progressflorida","article_modified_time":"2025-08-01T17:15:23+00:00","og_image":[{"width":1200,"height":630,"url":"https:\/\/floridareportcard.com\/wp-content\/uploads\/meta.jpg","type":"image\/jpeg"}],"twitter_card":"summary_large_image","twitter_title":"Florida Lawmakers Graded: 2025 People First Report Card","twitter_description":"Grading Florida legislators on housing, education, healthcare, and more. Who\u2019s fighting for you? Who\u2019s not?","twitter_image":"https:\/\/floridareportcard.com\/wp-content\/uploads\/meta.jpg","twitter_site":"@progressflorida","schema":{"@context":"https:\/\/schema.org","@graph":[{"@type":"WebPage","@id":"https:\/\/floridareportcard.com\/","url":"https:\/\/floridareportcard.com\/","name":"Informe de calificaciones de Florida 2025: Vea qu\u00e9 legisladores priorizan a las personas","isPartOf":{"@id":"https:\/\/floridareportcard.com\/#website"},"datePublished":"2023-07-04T00:34:28+00:00","dateModified":"2025-08-01T17:15:23+00:00","description":"El Informe de Calificaciones de Florida 2025 revela c\u00f3mo votaron los legisladores estatales en temas clave como vivienda, atenci\u00f3n m\u00e9dica, educaci\u00f3n y medio ambiente. Descubra qui\u00e9n prioriza a las personas y qui\u00e9n se alinea con grupos de presi\u00f3n.","breadcrumb":{"@id":"https:\/\/floridareportcard.com\/#breadcrumb"},"inLanguage":"es","potentialAction":[{"@type":"ReadAction","target":["https:\/\/floridareportcard.com\/"]}]},{"@type":"BreadcrumbList","@id":"https:\/\/floridareportcard.com\/#breadcrumb","itemListElement":[{"@type":"ListItem","position":1,"name":"Home","item":"https:\/\/floridareportcard.com\/"},{"@type":"ListItem","position":2,"name":"Home (EN)"}]},{"@type":"WebSite","@id":"https:\/\/floridareportcard.com\/#website","url":"https:\/\/floridareportcard.com\/","name":"Primer informe sobre las personas","description":"\u00bfSus legisladores estatales de Florida votaron priorizando a las personas... o a poderosos grupos de inter\u00e9s? Desc\u00fabralo con el Informe de Personas Primero.","publisher":{"@id":"https:\/\/floridareportcard.com\/#organization"},"alternateName":"People First Report Card","potentialAction":[{"@type":"SearchAction","target":{"@type":"EntryPoint","urlTemplate":"https:\/\/floridareportcard.com\/?s={search_term_string}"},"query-input":{"@type":"PropertyValueSpecification","valueRequired":true,"valueName":"search_term_string"}}],"inLanguage":"es"},{"@type":"Organization","@id":"https:\/\/floridareportcard.com\/#organization","name":"Progress Florida y Florida Watch","alternateName":"Progress Florida and Florida Watch","url":"https:\/\/floridareportcard.com\/","logo":{"@type":"ImageObject","inLanguage":"es","@id":"https:\/\/floridareportcard.com\/#\/schema\/logo\/image\/","url":"https:\/\/floridareportcard.com\/wp-content\/uploads\/favicon.png","contentUrl":"https:\/\/floridareportcard.com\/wp-content\/uploads\/favicon.png","width":264,"height":265,"caption":"Progress Florida and Florida Watch"},"image":{"@id":"https:\/\/floridareportcard.com\/#\/schema\/logo\/image\/"},"sameAs":["https:\/\/facebook.com\/progressflorida","https:\/\/x.com\/progressflorida","https:\/\/youtube.com\/progressflorida","https:\/\/instagram.com\/progressflorida\/","https:\/\/facebook.com\/wearefloridawatch","https:\/\/twitter.com\/floridawatch","https:\/\/instagram.com\/floridawatch","https:\/\/youtube.com\/channel\/UCoVF0oEKeUm5-NhEnLFSkJQ","https:\/\/tiktok.com\/@floridawatch"]}]}},"_links":{"self":[{"href":"https:\/\/floridareportcard.com\/es\/wp-json\/wp\/v2\/pages\/19","targetHints":{"allow":["GET"]}}],"collection":[{"href":"https:\/\/floridareportcard.com\/es\/wp-json\/wp\/v2\/pages"}],"about":[{"href":"https:\/\/floridareportcard.com\/es\/wp-json\/wp\/v2\/types\/page"}],"author":[{"embeddable":true,"href":"https:\/\/floridareportcard.com\/es\/wp-json\/wp\/v2\/users\/1"}],"replies":[{"embeddable":true,"href":"https:\/\/floridareportcard.com\/es\/wp-json\/wp\/v2\/comments?post=19"}],"version-history":[{"count":0,"href":"https:\/\/floridareportcard.com\/es\/wp-json\/wp\/v2\/pages\/19\/revisions"}],"wp:attachment":[{"href":"https:\/\/floridareportcard.com\/es\/wp-json\/wp\/v2\/media?parent=19"}],"curies":[{"name":"gracias","href":"https:\/\/api.w.org\/{rel}","templated":true}]}}